{"id":2,"date":"2023-04-26T17:53:16","date_gmt":"2023-04-26T17:53:16","guid":{"rendered":"https:\/\/caichencreation.paris\/?page_id=2"},"modified":"2023-04-26T19:57:01","modified_gmt":"2023-04-26T19:57:01","slug":"sample-page","status":"publish","type":"page","link":"https:\/\/caichencreation.paris\/?page_id=2","title":{"rendered":"Contact"},"content":{"rendered":"\n<p><\/p>\n\n\n\n<h2 class=\"wp-block-heading\"><strong>SARL CAICHEN CREATION<\/strong><\/h2>\n\n\n\n<div class=\"wp-block-group is-vertical is-content-justification-left is-layout-flex wp-container-core-group-is-layout-dd225191 wp-block-group-is-layout-flex\">\n<p>1 Avenue Louis Bl\u00e9riot<\/p>\n\n\n\n<div class=\"wp-block-group is-nowrap is-layout-flex wp-container-core-group-is-layout-6c531013 wp-block-group-is-layout-flex\">\n<p>93120 La Courneuve, FRANCE<\/p>\n<\/div>\n\n\n\n<p>Email: contact@caichencreation.paris<\/p>\n<\/div>\n\n\n\n<div class=\"wp-block-contact-form-7-contact-form-selector\">\n<div class=\"wpcf7 no-js\" id=\"wpcf7-f4-o1\" lang=\"fr-FR\" dir=\"ltr\" data-wpcf7-id=\"4\">\n<div class=\"screen-reader-response\"><p role=\"status\" aria-live=\"polite\" aria-atomic=\"true\"><\/p> <ul><\/ul><\/div>\n<form action=\"\/index.php?rest_route=%2Fwp%2Fv2%2Fpages%2F2#wpcf7-f4-o1\" method=\"post\" class=\"wpcf7-form init\" aria-label=\"Formulaire de contact\" novalidate=\"novalidate\" data-status=\"init\">\n<fieldset class=\"hidden-fields-container\"><input type=\"hidden\" name=\"_wpcf7\" value=\"4\" \/><input type=\"hidden\" name=\"_wpcf7_version\" value=\"6.1.4\" \/><input type=\"hidden\" name=\"_wpcf7_locale\" value=\"fr_FR\" \/><input type=\"hidden\" name=\"_wpcf7_unit_tag\" value=\"wpcf7-f4-o1\" \/><input type=\"hidden\" name=\"_wpcf7_container_post\" value=\"0\" \/><input type=\"hidden\" name=\"_wpcf7_posted_data_hash\" value=\"\" \/>\n<\/fieldset>\n<p><label> Votre nom<br \/>\n<span class=\"wpcf7-form-control-wrap\" data-name=\"your-name\"><input size=\"40\" maxlength=\"400\" class=\"wpcf7-form-control wpcf7-text wpcf7-validates-as-required\" autocomplete=\"name\" aria-required=\"true\" aria-invalid=\"false\" value=\"\" type=\"text\" name=\"your-name\" \/><\/span> <\/label>\n<\/p>\n<p><label> Votre e-mail<br \/>\n<span class=\"wpcf7-form-control-wrap\" data-name=\"your-email\"><input size=\"40\" maxlength=\"400\" class=\"wpcf7-form-control wpcf7-email wpcf7-validates-as-required wpcf7-text wpcf7-validates-as-email\" autocomplete=\"email\" aria-required=\"true\" aria-invalid=\"false\" value=\"\" type=\"email\" name=\"your-email\" \/><\/span> <\/label>\n<\/p>\n<p><label> Objet<br \/>\n<span class=\"wpcf7-form-control-wrap\" data-name=\"your-subject\"><input size=\"40\" maxlength=\"400\" class=\"wpcf7-form-control wpcf7-text wpcf7-validates-as-required\" aria-required=\"true\" aria-invalid=\"false\" value=\"\" type=\"text\" name=\"your-subject\" \/><\/span> <\/label>\n<\/p>\n<p><label> Votre message (facultatif)<br \/>\n<span class=\"wpcf7-form-control-wrap\" data-name=\"your-message\"><textarea cols=\"40\" rows=\"10\" maxlength=\"2000\" class=\"wpcf7-form-control wpcf7-textarea\" aria-invalid=\"false\" name=\"your-message\"><\/textarea><\/span> <\/label>\n<\/p>\n<p><input class=\"wpcf7-form-control wpcf7-submit has-spinner\" type=\"submit\" value=\"Envoyer\" \/>\n<\/p><div class=\"wpcf7-response-output\" aria-hidden=\"true\"><\/div>\n<\/form>\n<\/div>\n<\/div>\n","protected":false},"excerpt":{"rendered":"<p>SARL CAICHEN CREATION 1 Avenue Louis Bl\u00e9riot 93120 La Courneuve, FRANCE Email: contact@caichencreation.paris<\/p>\n","protected":false},"author":1,"featured_media":0,"parent":0,"menu_order":0,"comment_status":"closed","ping_status":"closed","template":"","meta":{"footnotes":""},"class_list":["post-2","page","type-page","status-publish","hentry"],"yoast_head":"<!-- This site is optimized with the Yoast SEO plugin v26.8 - https:\/\/yoast.com\/product\/yoast-seo-wordpress\/ -->\n<title>Contact - CAICHEN CREATION<\/title>\n<meta name=\"description\" content=\"SARL CAICHEN CREATION 1 Avenue Louis Bl\u00e9riot 93120 La Courneuve, France\" \/>\n<meta name=\"robots\" content=\"index, follow, max-snippet:-1, max-image-preview:large, max-video-preview:-1\" \/>\n<link rel=\"canonical\" href=\"https:\/\/caichencreation.paris\/?page_id=2\" \/>\n<meta property=\"og:locale\" content=\"fr_FR\" \/>\n<meta property=\"og:type\" content=\"article\" \/>\n<meta property=\"og:title\" content=\"Contact - CAICHEN CREATION\" \/>\n<meta property=\"og:description\" content=\"SARL CAICHEN CREATION 1 Avenue Louis Bl\u00e9riot 93120 La Courneuve, France\" \/>\n<meta property=\"og:url\" content=\"https:\/\/caichencreation.paris\/?page_id=2\" \/>\n<meta property=\"og:site_name\" content=\"CAICHEN CREATION\" \/>\n<meta property=\"article:modified_time\" content=\"2023-04-26T19:57:01+00:00\" \/>\n<meta name=\"twitter:card\" content=\"summary_large_image\" \/>\n<meta name=\"twitter:label1\" content=\"Dur\u00e9e de lecture estim\u00e9e\" \/>\n\t<meta name=\"twitter:data1\" content=\"1 minute\" \/>\n<script type=\"application\/ld+json\" class=\"yoast-schema-graph\">{\"@context\":\"https:\/\/schema.org\",\"@graph\":[{\"@type\":\"WebPage\",\"@id\":\"https:\/\/caichencreation.paris\/?page_id=2\",\"url\":\"https:\/\/caichencreation.paris\/?page_id=2\",\"name\":\"Contact - CAICHEN CREATION\",\"isPartOf\":{\"@id\":\"https:\/\/caichencreation.paris\/#website\"},\"datePublished\":\"2023-04-26T17:53:16+00:00\",\"dateModified\":\"2023-04-26T19:57:01+00:00\",\"description\":\"SARL CAICHEN CREATION 1 Avenue Louis Bl\u00e9riot 93120 La Courneuve, France\",\"breadcrumb\":{\"@id\":\"https:\/\/caichencreation.paris\/?page_id=2#breadcrumb\"},\"inLanguage\":\"fr-FR\",\"potentialAction\":[{\"@type\":\"ReadAction\",\"target\":[\"https:\/\/caichencreation.paris\/?page_id=2\"]}]},{\"@type\":\"BreadcrumbList\",\"@id\":\"https:\/\/caichencreation.paris\/?page_id=2#breadcrumb\",\"itemListElement\":[{\"@type\":\"ListItem\",\"position\":1,\"name\":\"Accueil\",\"item\":\"https:\/\/caichencreation.paris\/\"},{\"@type\":\"ListItem\",\"position\":2,\"name\":\"Contact\"}]},{\"@type\":\"WebSite\",\"@id\":\"https:\/\/caichencreation.paris\/#website\",\"url\":\"https:\/\/caichencreation.paris\/\",\"name\":\"CAICHEN CREATION\",\"description\":\"Marque fran\u00e7aise sp\u00e9cialis\u00e9e dans la fabrication de ceintures\",\"potentialAction\":[{\"@type\":\"SearchAction\",\"target\":{\"@type\":\"EntryPoint\",\"urlTemplate\":\"https:\/\/caichencreation.paris\/?s={search_term_string}\"},\"query-input\":{\"@type\":\"PropertyValueSpecification\",\"valueRequired\":true,\"valueName\":\"search_term_string\"}}],\"inLanguage\":\"fr-FR\"}]}<\/script>\n<!-- \/ Yoast SEO plugin. -->","yoast_head_json":{"title":"Contact - CAICHEN CREATION","description":"SARL CAICHEN CREATION 1 Avenue Louis Bl\u00e9riot 93120 La Courneuve, France","robots":{"index":"index","follow":"follow","max-snippet":"max-snippet:-1","max-image-preview":"max-image-preview:large","max-video-preview":"max-video-preview:-1"},"canonical":"https:\/\/caichencreation.paris\/?page_id=2","og_locale":"fr_FR","og_type":"article","og_title":"Contact - CAICHEN CREATION","og_description":"SARL CAICHEN CREATION 1 Avenue Louis Bl\u00e9riot 93120 La Courneuve, France","og_url":"https:\/\/caichencreation.paris\/?page_id=2","og_site_name":"CAICHEN CREATION","article_modified_time":"2023-04-26T19:57:01+00:00","twitter_card":"summary_large_image","twitter_misc":{"Dur\u00e9e de lecture estim\u00e9e":"1 minute"},"schema":{"@context":"https:\/\/schema.org","@graph":[{"@type":"WebPage","@id":"https:\/\/caichencreation.paris\/?page_id=2","url":"https:\/\/caichencreation.paris\/?page_id=2","name":"Contact - CAICHEN CREATION","isPartOf":{"@id":"https:\/\/caichencreation.paris\/#website"},"datePublished":"2023-04-26T17:53:16+00:00","dateModified":"2023-04-26T19:57:01+00:00","description":"SARL CAICHEN CREATION 1 Avenue Louis Bl\u00e9riot 93120 La Courneuve, France","breadcrumb":{"@id":"https:\/\/caichencreation.paris\/?page_id=2#breadcrumb"},"inLanguage":"fr-FR","potentialAction":[{"@type":"ReadAction","target":["https:\/\/caichencreation.paris\/?page_id=2"]}]},{"@type":"BreadcrumbList","@id":"https:\/\/caichencreation.paris\/?page_id=2#breadcrumb","itemListElement":[{"@type":"ListItem","position":1,"name":"Accueil","item":"https:\/\/caichencreation.paris\/"},{"@type":"ListItem","position":2,"name":"Contact"}]},{"@type":"WebSite","@id":"https:\/\/caichencreation.paris\/#website","url":"https:\/\/caichencreation.paris\/","name":"CAICHEN CREATION","description":"Marque fran\u00e7aise sp\u00e9cialis\u00e9e dans la fabrication de ceintures","potentialAction":[{"@type":"SearchAction","target":{"@type":"EntryPoint","urlTemplate":"https:\/\/caichencreation.paris\/?s={search_term_string}"},"query-input":{"@type":"PropertyValueSpecification","valueRequired":true,"valueName":"search_term_string"}}],"inLanguage":"fr-FR"}]}},"_links":{"self":[{"href":"https:\/\/caichencreation.paris\/index.php?rest_route=\/wp\/v2\/pages\/2","targetHints":{"allow":["GET"]}}],"collection":[{"href":"https:\/\/caichencreation.paris\/index.php?rest_route=\/wp\/v2\/pages"}],"about":[{"href":"https:\/\/caichencreation.paris\/index.php?rest_route=\/wp\/v2\/types\/page"}],"author":[{"embeddable":true,"href":"https:\/\/caichencreation.paris\/index.php?rest_route=\/wp\/v2\/users\/1"}],"replies":[{"embeddable":true,"href":"https:\/\/caichencreation.paris\/index.php?rest_route=%2Fwp%2Fv2%2Fcomments&post=2"}],"version-history":[{"count":3,"href":"https:\/\/caichencreation.paris\/index.php?rest_route=\/wp\/v2\/pages\/2\/revisions"}],"predecessor-version":[{"id":29,"href":"https:\/\/caichencreation.paris\/index.php?rest_route=\/wp\/v2\/pages\/2\/revisions\/29"}],"wp:attachment":[{"href":"https:\/\/caichencreation.paris\/index.php?rest_route=%2Fwp%2Fv2%2Fmedia&parent=2"}],"curies":[{"name":"wp","href":"https:\/\/api.w.org\/{rel}","templated":true}]}}