{"id":32,"date":"2023-04-26T20:23:19","date_gmt":"2023-04-26T20:23:19","guid":{"rendered":"https:\/\/caichencreation.paris\/?page_id=32"},"modified":"2023-04-26T20:23:19","modified_gmt":"2023-04-26T20:23:19","slug":"galerie","status":"publish","type":"page","link":"https:\/\/caichencreation.paris\/","title":{"rendered":"Galerie"},"content":{"rendered":"\n<p><\/p>\n\n\n\n<figure class=\"wp-block-gallery has-nested-images columns-default is-cropped wp-block-gallery-1 is-layout-flex wp-block-gallery-is-layout-flex\">\n<figure class=\"wp-block-image size-large\"><img loading=\"lazy\" decoding=\"async\" width=\"682\" height=\"1024\" data-id=\"21\" src=\"https:\/\/caichencreation.paris\/wp-content\/uploads\/2023\/04\/9ff0caf1-53c9-4fb8-aefe-994d199a037f-682x1024.jpg\" alt=\"\" class=\"wp-image-21\" srcset=\"https:\/\/caichencreation.paris\/wp-content\/uploads\/2023\/04\/9ff0caf1-53c9-4fb8-aefe-994d199a037f-682x1024.jpg 682w, https:\/\/caichencreation.paris\/wp-content\/uploads\/2023\/04\/9ff0caf1-53c9-4fb8-aefe-994d199a037f-200x300.jpg 200w, https:\/\/caichencreation.paris\/wp-content\/uploads\/2023\/04\/9ff0caf1-53c9-4fb8-aefe-994d199a037f-768x1153.jpg 768w, https:\/\/caichencreation.paris\/wp-content\/uploads\/2023\/04\/9ff0caf1-53c9-4fb8-aefe-994d199a037f-1023x1536.jpg 1023w, https:\/\/caichencreation.paris\/wp-content\/uploads\/2023\/04\/9ff0caf1-53c9-4fb8-aefe-994d199a037f.jpg 1066w\" sizes=\"auto, (max-width: 682px) 100vw, 682px\" \/><figcaption class=\"wp-element-caption\">Ceinture Femme Luna<\/figcaption><\/figure>\n\n\n\n<figure class=\"wp-block-image size-large\"><img loading=\"lazy\" decoding=\"async\" width=\"682\" height=\"1024\" data-id=\"19\" src=\"https:\/\/caichencreation.paris\/wp-content\/uploads\/2023\/04\/Sans-titre-1-682x1024.jpg\" alt=\"\" class=\"wp-image-19\" srcset=\"https:\/\/caichencreation.paris\/wp-content\/uploads\/2023\/04\/Sans-titre-1-682x1024.jpg 682w, https:\/\/caichencreation.paris\/wp-content\/uploads\/2023\/04\/Sans-titre-1-200x300.jpg 200w, https:\/\/caichencreation.paris\/wp-content\/uploads\/2023\/04\/Sans-titre-1-768x1153.jpg 768w, https:\/\/caichencreation.paris\/wp-content\/uploads\/2023\/04\/Sans-titre-1-1023x1536.jpg 1023w, https:\/\/caichencreation.paris\/wp-content\/uploads\/2023\/04\/Sans-titre-1.jpg 1066w\" sizes=\"auto, (max-width: 682px) 100vw, 682px\" \/><figcaption class=\"wp-element-caption\">Ceinture Large Obi<\/figcaption><\/figure>\n<\/figure>\n","protected":false},"excerpt":{"rendered":"","protected":false},"author":1,"featured_media":0,"parent":0,"menu_order":0,"comment_status":"closed","ping_status":"closed","template":"","meta":{"footnotes":""},"class_list":["post-32","page","type-page","status-publish","hentry"],"yoast_head":"<!-- This site is optimized with the Yoast SEO plugin v26.8 - https:\/\/yoast.com\/product\/yoast-seo-wordpress\/ -->\n<title>Galerie - CAICHEN CREATION<\/title>\n<meta name=\"robots\" content=\"index, follow, max-snippet:-1, max-image-preview:large, max-video-preview:-1\" \/>\n<link rel=\"canonical\" href=\"https:\/\/caichencreation.paris\/\" \/>\n<meta property=\"og:locale\" content=\"fr_FR\" \/>\n<meta property=\"og:type\" content=\"article\" \/>\n<meta property=\"og:title\" content=\"Galerie - CAICHEN CREATION\" \/>\n<meta property=\"og:url\" content=\"https:\/\/caichencreation.paris\/\" \/>\n<meta property=\"og:site_name\" content=\"CAICHEN CREATION\" \/>\n<meta property=\"og:image\" content=\"https:\/\/caichencreation.paris\/wp-content\/uploads\/2023\/04\/9ff0caf1-53c9-4fb8-aefe-994d199a037f-682x1024.jpg\" \/>\n<meta name=\"twitter:card\" content=\"summary_large_image\" \/>\n<meta name=\"twitter:label1\" content=\"Dur\u00e9e de lecture estim\u00e9e\" \/>\n\t<meta name=\"twitter:data1\" content=\"1 minute\" \/>\n<script type=\"application\/ld+json\" class=\"yoast-schema-graph\">{\"@context\":\"https:\/\/schema.org\",\"@graph\":[{\"@type\":\"WebPage\",\"@id\":\"https:\/\/caichencreation.paris\/\",\"url\":\"https:\/\/caichencreation.paris\/\",\"name\":\"Galerie - CAICHEN CREATION\",\"isPartOf\":{\"@id\":\"https:\/\/caichencreation.paris\/#website\"},\"primaryImageOfPage\":{\"@id\":\"https:\/\/caichencreation.paris\/#primaryimage\"},\"image\":{\"@id\":\"https:\/\/caichencreation.paris\/#primaryimage\"},\"thumbnailUrl\":\"https:\/\/caichencreation.paris\/wp-content\/uploads\/2023\/04\/9ff0caf1-53c9-4fb8-aefe-994d199a037f-682x1024.jpg\",\"datePublished\":\"2023-04-26T20:23:19+00:00\",\"breadcrumb\":{\"@id\":\"https:\/\/caichencreation.paris\/#breadcrumb\"},\"inLanguage\":\"fr-FR\",\"potentialAction\":[{\"@type\":\"ReadAction\",\"target\":[\"https:\/\/caichencreation.paris\/\"]}]},{\"@type\":\"ImageObject\",\"inLanguage\":\"fr-FR\",\"@id\":\"https:\/\/caichencreation.paris\/#primaryimage\",\"url\":\"https:\/\/caichencreation.paris\/wp-content\/uploads\/2023\/04\/9ff0caf1-53c9-4fb8-aefe-994d199a037f.jpg\",\"contentUrl\":\"https:\/\/caichencreation.paris\/wp-content\/uploads\/2023\/04\/9ff0caf1-53c9-4fb8-aefe-994d199a037f.jpg\",\"width\":1066,\"height\":1600,\"caption\":\"Ceinture Femme Luna\"},{\"@type\":\"BreadcrumbList\",\"@id\":\"https:\/\/caichencreation.paris\/#breadcrumb\",\"itemListElement\":[{\"@type\":\"ListItem\",\"position\":1,\"name\":\"Accueil\",\"item\":\"https:\/\/caichencreation.paris\/\"},{\"@type\":\"ListItem\",\"position\":2,\"name\":\"Galerie\"}]},{\"@type\":\"WebSite\",\"@id\":\"https:\/\/caichencreation.paris\/#website\",\"url\":\"https:\/\/caichencreation.paris\/\",\"name\":\"CAICHEN CREATION\",\"description\":\"Marque fran\u00e7aise sp\u00e9cialis\u00e9e dans la fabrication de ceintures\",\"potentialAction\":[{\"@type\":\"SearchAction\",\"target\":{\"@type\":\"EntryPoint\",\"urlTemplate\":\"https:\/\/caichencreation.paris\/?s={search_term_string}\"},\"query-input\":{\"@type\":\"PropertyValueSpecification\",\"valueRequired\":true,\"valueName\":\"search_term_string\"}}],\"inLanguage\":\"fr-FR\"}]}<\/script>\n<!-- \/ Yoast SEO plugin. -->","yoast_head_json":{"title":"Galerie - CAICHEN CREATION","robots":{"index":"index","follow":"follow","max-snippet":"max-snippet:-1","max-image-preview":"max-image-preview:large","max-video-preview":"max-video-preview:-1"},"canonical":"https:\/\/caichencreation.paris\/","og_locale":"fr_FR","og_type":"article","og_title":"Galerie - CAICHEN CREATION","og_url":"https:\/\/caichencreation.paris\/","og_site_name":"CAICHEN CREATION","og_image":[{"url":"https:\/\/caichencreation.paris\/wp-content\/uploads\/2023\/04\/9ff0caf1-53c9-4fb8-aefe-994d199a037f-682x1024.jpg","type":"","width":"","height":""}],"twitter_card":"summary_large_image","twitter_misc":{"Dur\u00e9e de lecture estim\u00e9e":"1 minute"},"schema":{"@context":"https:\/\/schema.org","@graph":[{"@type":"WebPage","@id":"https:\/\/caichencreation.paris\/","url":"https:\/\/caichencreation.paris\/","name":"Galerie - CAICHEN CREATION","isPartOf":{"@id":"https:\/\/caichencreation.paris\/#website"},"primaryImageOfPage":{"@id":"https:\/\/caichencreation.paris\/#primaryimage"},"image":{"@id":"https:\/\/caichencreation.paris\/#primaryimage"},"thumbnailUrl":"https:\/\/caichencreation.paris\/wp-content\/uploads\/2023\/04\/9ff0caf1-53c9-4fb8-aefe-994d199a037f-682x1024.jpg","datePublished":"2023-04-26T20:23:19+00:00","breadcrumb":{"@id":"https:\/\/caichencreation.paris\/#breadcrumb"},"inLanguage":"fr-FR","potentialAction":[{"@type":"ReadAction","target":["https:\/\/caichencreation.paris\/"]}]},{"@type":"ImageObject","inLanguage":"fr-FR","@id":"https:\/\/caichencreation.paris\/#primaryimage","url":"https:\/\/caichencreation.paris\/wp-content\/uploads\/2023\/04\/9ff0caf1-53c9-4fb8-aefe-994d199a037f.jpg","contentUrl":"https:\/\/caichencreation.paris\/wp-content\/uploads\/2023\/04\/9ff0caf1-53c9-4fb8-aefe-994d199a037f.jpg","width":1066,"height":1600,"caption":"Ceinture Femme Luna"},{"@type":"BreadcrumbList","@id":"https:\/\/caichencreation.paris\/#breadcrumb","itemListElement":[{"@type":"ListItem","position":1,"name":"Accueil","item":"https:\/\/caichencreation.paris\/"},{"@type":"ListItem","position":2,"name":"Galerie"}]},{"@type":"WebSite","@id":"https:\/\/caichencreation.paris\/#website","url":"https:\/\/caichencreation.paris\/","name":"CAICHEN CREATION","description":"Marque fran\u00e7aise sp\u00e9cialis\u00e9e dans la fabrication de ceintures","potentialAction":[{"@type":"SearchAction","target":{"@type":"EntryPoint","urlTemplate":"https:\/\/caichencreation.paris\/?s={search_term_string}"},"query-input":{"@type":"PropertyValueSpecification","valueRequired":true,"valueName":"search_term_string"}}],"inLanguage":"fr-FR"}]}},"_links":{"self":[{"href":"https:\/\/caichencreation.paris\/index.php?rest_route=\/wp\/v2\/pages\/32","targetHints":{"allow":["GET"]}}],"collection":[{"href":"https:\/\/caichencreation.paris\/index.php?rest_route=\/wp\/v2\/pages"}],"about":[{"href":"https:\/\/caichencreation.paris\/index.php?rest_route=\/wp\/v2\/types\/page"}],"author":[{"embeddable":true,"href":"https:\/\/caichencreation.paris\/index.php?rest_route=\/wp\/v2\/users\/1"}],"replies":[{"embeddable":true,"href":"https:\/\/caichencreation.paris\/index.php?rest_route=%2Fwp%2Fv2%2Fcomments&post=32"}],"version-history":[{"count":1,"href":"https:\/\/caichencreation.paris\/index.php?rest_route=\/wp\/v2\/pages\/32\/revisions"}],"predecessor-version":[{"id":33,"href":"https:\/\/caichencreation.paris\/index.php?rest_route=\/wp\/v2\/pages\/32\/revisions\/33"}],"wp:attachment":[{"href":"https:\/\/caichencreation.paris\/index.php?rest_route=%2Fwp%2Fv2%2Fmedia&parent=32"}],"curies":[{"name":"wp","href":"https:\/\/api.w.org\/{rel}","templated":true}]}}