{"id":51,"date":"2024-03-05T18:32:56","date_gmt":"2024-03-05T18:32:56","guid":{"rendered":"https:\/\/caichencreation.paris\/?page_id=51"},"modified":"2024-03-05T18:49:59","modified_gmt":"2024-03-05T18:49:59","slug":"leather-work-group","status":"publish","type":"page","link":"https:\/\/caichencreation.paris\/?page_id=51","title":{"rendered":"Leather Work Group"},"content":{"rendered":"\n<figure class=\"wp-block-image aligncenter size-full wp-duotone-unset-1\"><a href=\"https:\/\/www.leatherworkinggroup.com\/\"><img loading=\"lazy\" decoding=\"async\" width=\"400\" height=\"358\" src=\"https:\/\/caichencreation.paris\/wp-content\/uploads\/2024\/03\/LWG_Subscription_Members.png.jpg\" alt=\"\" class=\"wp-image-62\" srcset=\"https:\/\/caichencreation.paris\/wp-content\/uploads\/2024\/03\/LWG_Subscription_Members.png.jpg 400w, https:\/\/caichencreation.paris\/wp-content\/uploads\/2024\/03\/LWG_Subscription_Members.png-300x269.jpg 300w\" sizes=\"auto, (max-width: 400px) 100vw, 400px\" \/><\/a><\/figure>\n\n\n\n<p>Nous avons rejoint le Leather Working Group pour soutenir une fabrication de cuir plus respectueuse de l&rsquo;environnement.<\/p>\n\n\n\n<p><a href=\"https:\/\/www.leatherworkinggroup.com\/\">www.leatherworkinggroup.com<\/a><\/p>\n\n\n\n<p><\/p>\n","protected":false},"excerpt":{"rendered":"<p>Nous avons rejoint le Leather Working Group pour soutenir une fabrication de cuir plus respectueuse de l&rsquo;environnement. www.leatherworkinggroup.com<\/p>\n","protected":false},"author":1,"featured_media":0,"parent":0,"menu_order":0,"comment_status":"closed","ping_status":"closed","template":"","meta":{"footnotes":""},"class_list":["post-51","page","type-page","status-publish","hentry"],"yoast_head":"<!-- This site is optimized with the Yoast SEO plugin v27.5 - https:\/\/yoast.com\/product\/yoast-seo-wordpress\/ -->\n<title>Leather Work Group - CAICHEN CREATION<\/title>\n<meta name=\"description\" content=\"Nous avons rejoint le Leather Working Group pour soutenir une fabrication de cuir plus respectueuse de l&#039;environnement.\" \/>\n<meta name=\"robots\" content=\"index, follow, max-snippet:-1, max-image-preview:large, max-video-preview:-1\" \/>\n<link rel=\"canonical\" href=\"https:\/\/caichencreation.paris\/?page_id=51\" \/>\n<meta property=\"og:locale\" content=\"fr_FR\" \/>\n<meta property=\"og:type\" content=\"article\" \/>\n<meta property=\"og:title\" content=\"Leather Work Group - CAICHEN CREATION\" \/>\n<meta property=\"og:description\" content=\"Nous avons rejoint le Leather Working Group pour soutenir une fabrication de cuir plus respectueuse de l&#039;environnement.\" \/>\n<meta property=\"og:url\" content=\"https:\/\/caichencreation.paris\/?page_id=51\" \/>\n<meta property=\"og:site_name\" content=\"CAICHEN CREATION\" \/>\n<meta property=\"article:modified_time\" content=\"2024-03-05T18:49:59+00:00\" \/>\n<meta property=\"og:image\" content=\"https:\/\/caichencreation.paris\/wp-content\/uploads\/2024\/03\/LWG_Subscription_Members.png.jpg\" \/>\n<meta name=\"twitter:card\" content=\"summary_large_image\" \/>\n<meta name=\"twitter:label1\" content=\"Dur\u00e9e de lecture estim\u00e9e\" \/>\n\t<meta name=\"twitter:data1\" content=\"1 minute\" \/>\n<script type=\"application\/ld+json\" class=\"yoast-schema-graph\">{\"@context\":\"https:\\\/\\\/schema.org\",\"@graph\":[{\"@type\":\"WebPage\",\"@id\":\"https:\\\/\\\/caichencreation.paris\\\/?page_id=51\",\"url\":\"https:\\\/\\\/caichencreation.paris\\\/?page_id=51\",\"name\":\"Leather Work Group - CAICHEN CREATION\",\"isPartOf\":{\"@id\":\"https:\\\/\\\/caichencreation.paris\\\/#website\"},\"primaryImageOfPage\":{\"@id\":\"https:\\\/\\\/caichencreation.paris\\\/?page_id=51#primaryimage\"},\"image\":{\"@id\":\"https:\\\/\\\/caichencreation.paris\\\/?page_id=51#primaryimage\"},\"thumbnailUrl\":\"https:\\\/\\\/caichencreation.paris\\\/wp-content\\\/uploads\\\/2024\\\/03\\\/LWG_Subscription_Members.png.jpg\",\"datePublished\":\"2024-03-05T18:32:56+00:00\",\"dateModified\":\"2024-03-05T18:49:59+00:00\",\"description\":\"Nous avons rejoint le Leather Working Group pour soutenir une fabrication de cuir plus respectueuse de l'environnement.\",\"breadcrumb\":{\"@id\":\"https:\\\/\\\/caichencreation.paris\\\/?page_id=51#breadcrumb\"},\"inLanguage\":\"fr-FR\",\"potentialAction\":[{\"@type\":\"ReadAction\",\"target\":[\"https:\\\/\\\/caichencreation.paris\\\/?page_id=51\"]}]},{\"@type\":\"ImageObject\",\"inLanguage\":\"fr-FR\",\"@id\":\"https:\\\/\\\/caichencreation.paris\\\/?page_id=51#primaryimage\",\"url\":\"https:\\\/\\\/caichencreation.paris\\\/wp-content\\\/uploads\\\/2024\\\/03\\\/LWG_Subscription_Members.png.jpg\",\"contentUrl\":\"https:\\\/\\\/caichencreation.paris\\\/wp-content\\\/uploads\\\/2024\\\/03\\\/LWG_Subscription_Members.png.jpg\",\"width\":400,\"height\":358},{\"@type\":\"BreadcrumbList\",\"@id\":\"https:\\\/\\\/caichencreation.paris\\\/?page_id=51#breadcrumb\",\"itemListElement\":[{\"@type\":\"ListItem\",\"position\":1,\"name\":\"Accueil\",\"item\":\"https:\\\/\\\/caichencreation.paris\\\/\"},{\"@type\":\"ListItem\",\"position\":2,\"name\":\"Leather Work Group\"}]},{\"@type\":\"WebSite\",\"@id\":\"https:\\\/\\\/caichencreation.paris\\\/#website\",\"url\":\"https:\\\/\\\/caichencreation.paris\\\/\",\"name\":\"CAICHEN CREATION\",\"description\":\"Marque fran\u00e7aise sp\u00e9cialis\u00e9e dans la fabrication de ceintures\",\"potentialAction\":[{\"@type\":\"SearchAction\",\"target\":{\"@type\":\"EntryPoint\",\"urlTemplate\":\"https:\\\/\\\/caichencreation.paris\\\/?s={search_term_string}\"},\"query-input\":{\"@type\":\"PropertyValueSpecification\",\"valueRequired\":true,\"valueName\":\"search_term_string\"}}],\"inLanguage\":\"fr-FR\"}]}<\/script>\n<!-- \/ Yoast SEO plugin. -->","yoast_head_json":{"title":"Leather Work Group - CAICHEN CREATION","description":"Nous avons rejoint le Leather Working Group pour soutenir une fabrication de cuir plus respectueuse de l'environnement.","robots":{"index":"index","follow":"follow","max-snippet":"max-snippet:-1","max-image-preview":"max-image-preview:large","max-video-preview":"max-video-preview:-1"},"canonical":"https:\/\/caichencreation.paris\/?page_id=51","og_locale":"fr_FR","og_type":"article","og_title":"Leather Work Group - CAICHEN CREATION","og_description":"Nous avons rejoint le Leather Working Group pour soutenir une fabrication de cuir plus respectueuse de l'environnement.","og_url":"https:\/\/caichencreation.paris\/?page_id=51","og_site_name":"CAICHEN CREATION","article_modified_time":"2024-03-05T18:49:59+00:00","og_image":[{"url":"https:\/\/caichencreation.paris\/wp-content\/uploads\/2024\/03\/LWG_Subscription_Members.png.jpg","type":"","width":"","height":""}],"twitter_card":"summary_large_image","twitter_misc":{"Dur\u00e9e de lecture estim\u00e9e":"1 minute"},"schema":{"@context":"https:\/\/schema.org","@graph":[{"@type":"WebPage","@id":"https:\/\/caichencreation.paris\/?page_id=51","url":"https:\/\/caichencreation.paris\/?page_id=51","name":"Leather Work Group - CAICHEN CREATION","isPartOf":{"@id":"https:\/\/caichencreation.paris\/#website"},"primaryImageOfPage":{"@id":"https:\/\/caichencreation.paris\/?page_id=51#primaryimage"},"image":{"@id":"https:\/\/caichencreation.paris\/?page_id=51#primaryimage"},"thumbnailUrl":"https:\/\/caichencreation.paris\/wp-content\/uploads\/2024\/03\/LWG_Subscription_Members.png.jpg","datePublished":"2024-03-05T18:32:56+00:00","dateModified":"2024-03-05T18:49:59+00:00","description":"Nous avons rejoint le Leather Working Group pour soutenir une fabrication de cuir plus respectueuse de l'environnement.","breadcrumb":{"@id":"https:\/\/caichencreation.paris\/?page_id=51#breadcrumb"},"inLanguage":"fr-FR","potentialAction":[{"@type":"ReadAction","target":["https:\/\/caichencreation.paris\/?page_id=51"]}]},{"@type":"ImageObject","inLanguage":"fr-FR","@id":"https:\/\/caichencreation.paris\/?page_id=51#primaryimage","url":"https:\/\/caichencreation.paris\/wp-content\/uploads\/2024\/03\/LWG_Subscription_Members.png.jpg","contentUrl":"https:\/\/caichencreation.paris\/wp-content\/uploads\/2024\/03\/LWG_Subscription_Members.png.jpg","width":400,"height":358},{"@type":"BreadcrumbList","@id":"https:\/\/caichencreation.paris\/?page_id=51#breadcrumb","itemListElement":[{"@type":"ListItem","position":1,"name":"Accueil","item":"https:\/\/caichencreation.paris\/"},{"@type":"ListItem","position":2,"name":"Leather Work Group"}]},{"@type":"WebSite","@id":"https:\/\/caichencreation.paris\/#website","url":"https:\/\/caichencreation.paris\/","name":"CAICHEN CREATION","description":"Marque fran\u00e7aise sp\u00e9cialis\u00e9e dans la fabrication de ceintures","potentialAction":[{"@type":"SearchAction","target":{"@type":"EntryPoint","urlTemplate":"https:\/\/caichencreation.paris\/?s={search_term_string}"},"query-input":{"@type":"PropertyValueSpecification","valueRequired":true,"valueName":"search_term_string"}}],"inLanguage":"fr-FR"}]}},"_links":{"self":[{"href":"https:\/\/caichencreation.paris\/index.php?rest_route=\/wp\/v2\/pages\/51","targetHints":{"allow":["GET"]}}],"collection":[{"href":"https:\/\/caichencreation.paris\/index.php?rest_route=\/wp\/v2\/pages"}],"about":[{"href":"https:\/\/caichencreation.paris\/index.php?rest_route=\/wp\/v2\/types\/page"}],"author":[{"embeddable":true,"href":"https:\/\/caichencreation.paris\/index.php?rest_route=\/wp\/v2\/users\/1"}],"replies":[{"embeddable":true,"href":"https:\/\/caichencreation.paris\/index.php?rest_route=%2Fwp%2Fv2%2Fcomments&post=51"}],"version-history":[{"count":6,"href":"https:\/\/caichencreation.paris\/index.php?rest_route=\/wp\/v2\/pages\/51\/revisions"}],"predecessor-version":[{"id":63,"href":"https:\/\/caichencreation.paris\/index.php?rest_route=\/wp\/v2\/pages\/51\/revisions\/63"}],"wp:attachment":[{"href":"https:\/\/caichencreation.paris\/index.php?rest_route=%2Fwp%2Fv2%2Fmedia&parent=51"}],"curies":[{"name":"wp","href":"https:\/\/api.w.org\/{rel}","templated":true}]}}